{"id":37,"date":"2023-03-23T17:13:31","date_gmt":"2023-03-23T17:13:31","guid":{"rendered":"https:\/\/serviciouno.net\/?page_id=37"},"modified":"2023-03-24T20:22:00","modified_gmt":"2023-03-24T20:22:00","slug":"quienes-somos","status":"publish","type":"page","link":"https:\/\/serviciouno.net\/?page_id=37","title":{"rendered":"Quienes somos"},"content":{"rendered":"\t\t<div data-elementor-type=\"wp-page\" data-elementor-id=\"37\" class=\"elementor elementor-37\">\n\t\t\t\t\t\t\t\t\t<section class=\"elementor-section elementor-top-section elementor-element elementor-element-zj26thu elementor-section-content-middle elementor-section-stretched elementor-section-boxed elementor-section-height-default elementor-section-height-default\" data-id=\"zj26thu\" data-element_type=\"section\" data-settings=\"{&quot;background_background&quot;:&quot;classic&quot;,&quot;stretch_section&quot;:&quot;section-stretched&quot;}\">\n\t\t\t\t\t\t\t<div class=\"elementor-background-overlay\"><\/div>\n\t\t\t\t\t\t\t<div class=\"elementor-container elementor-column-gap-no\">\n\t\t\t\t\t<div class=\"elementor-column elementor-col-100 elementor-top-column elementor-element elementor-element-8d092b6\" data-id=\"8d092b6\" data-element_type=\"column\">\n\t\t\t<div class=\"elementor-widget-wrap elementor-element-populated\">\n\t\t\t\t\t\t\t\t<div class=\"elementor-element elementor-element-2f510d4 elementor-widget elementor-widget-heading\" data-id=\"2f510d4\" data-element_type=\"widget\" data-widget_type=\"heading.default\">\n\t\t\t\t<div class=\"elementor-widget-container\">\n\t\t\t<style>\/*! elementor - v3.11.5 - 14-03-2023 *\/\n.elementor-heading-title{padding:0;margin:0;line-height:1}.elementor-widget-heading .elementor-heading-title[class*=elementor-size-]>a{color:inherit;font-size:inherit;line-height:inherit}.elementor-widget-heading .elementor-heading-title.elementor-size-small{font-size:15px}.elementor-widget-heading .elementor-heading-title.elementor-size-medium{font-size:19px}.elementor-widget-heading .elementor-heading-title.elementor-size-large{font-size:29px}.elementor-widget-heading .elementor-heading-title.elementor-size-xl{font-size:39px}.elementor-widget-heading .elementor-heading-title.elementor-size-xxl{font-size:59px}<\/style><h1 class=\"elementor-heading-title elementor-size-default\">\u00bfQui\u00e9nes somos?<\/h1>\t\t<\/div>\n\t\t\t\t<\/div>\n\t\t\t\t\t<\/div>\n\t\t<\/div>\n\t\t\t\t\t\t\t<\/div>\n\t\t<\/section>\n\t\t\t\t<section class=\"elementor-section elementor-top-section elementor-element elementor-element-7969d9e elementor-section-boxed elementor-section-height-default elementor-section-height-default\" data-id=\"7969d9e\" data-element_type=\"section\">\n\t\t\t\t\t\t<div class=\"elementor-container elementor-column-gap-default\">\n\t\t\t\t\t<div class=\"elementor-column elementor-col-50 elementor-top-column elementor-element elementor-element-70ff04a\" data-id=\"70ff04a\" data-element_type=\"column\">\n\t\t\t<div class=\"elementor-widget-wrap elementor-element-populated\">\n\t\t\t\t\t\t\t\t<div class=\"elementor-element elementor-element-280efcf elementor-widget elementor-widget-image\" data-id=\"280efcf\" data-element_type=\"widget\" data-widget_type=\"image.default\">\n\t\t\t\t<div class=\"elementor-widget-container\">\n\t\t\t<style>\/*! elementor - v3.11.5 - 14-03-2023 *\/\n.elementor-widget-image{text-align:center}.elementor-widget-image a{display:inline-block}.elementor-widget-image a img[src$=\".svg\"]{width:48px}.elementor-widget-image img{vertical-align:middle;display:inline-block}<\/style>\t\t\t\t\t\t\t\t\t\t\t\t<img loading=\"lazy\" decoding=\"async\" width=\"1024\" height=\"683\" src=\"https:\/\/serviciouno.net\/wp-content\/uploads\/2023\/03\/doctora-asiatica-medico-uniforme-medico-estetoscopio-brazos-cruzados-sobre-pecho-sonriendo-luciendo-como-profesional-fondo-blanco-1024x683.jpg\" class=\"attachment-large size-large wp-image-320\" alt=\"\" srcset=\"https:\/\/serviciouno.net\/wp-content\/uploads\/2023\/03\/doctora-asiatica-medico-uniforme-medico-estetoscopio-brazos-cruzados-sobre-pecho-sonriendo-luciendo-como-profesional-fondo-blanco-1024x683.jpg 1024w, https:\/\/serviciouno.net\/wp-content\/uploads\/2023\/03\/doctora-asiatica-medico-uniforme-medico-estetoscopio-brazos-cruzados-sobre-pecho-sonriendo-luciendo-como-profesional-fondo-blanco-300x200.jpg 300w, https:\/\/serviciouno.net\/wp-content\/uploads\/2023\/03\/doctora-asiatica-medico-uniforme-medico-estetoscopio-brazos-cruzados-sobre-pecho-sonriendo-luciendo-como-profesional-fondo-blanco-768x512.jpg 768w, https:\/\/serviciouno.net\/wp-content\/uploads\/2023\/03\/doctora-asiatica-medico-uniforme-medico-estetoscopio-brazos-cruzados-sobre-pecho-sonriendo-luciendo-como-profesional-fondo-blanco-1536x1024.jpg 1536w, https:\/\/serviciouno.net\/wp-content\/uploads\/2023\/03\/doctora-asiatica-medico-uniforme-medico-estetoscopio-brazos-cruzados-sobre-pecho-sonriendo-luciendo-como-profesional-fondo-blanco-2048x1365.jpg 2048w\" sizes=\"(max-width: 1024px) 100vw, 1024px\" \/>\t\t\t\t\t\t\t\t\t\t\t\t\t\t\t<\/div>\n\t\t\t\t<\/div>\n\t\t\t\t\t<\/div>\n\t\t<\/div>\n\t\t\t\t<div class=\"elementor-column elementor-col-50 elementor-top-column elementor-element elementor-element-e8d32f5\" data-id=\"e8d32f5\" data-element_type=\"column\">\n\t\t\t<div class=\"elementor-widget-wrap elementor-element-populated\">\n\t\t\t\t\t\t\t\t<div class=\"elementor-element elementor-element-5481718 elementor-widget elementor-widget-heading\" data-id=\"5481718\" data-element_type=\"widget\" data-widget_type=\"heading.default\">\n\t\t\t\t<div class=\"elementor-widget-container\">\n\t\t\t<h2 class=\"elementor-heading-title elementor-size-default\">Misi\u00f3n   <\/h2>\t\t<\/div>\n\t\t\t\t<\/div>\n\t\t\t\t<div class=\"elementor-element elementor-element-0495337 elementor-widget-divider--view-line elementor-widget elementor-widget-divider\" data-id=\"0495337\" data-element_type=\"widget\" data-widget_type=\"divider.default\">\n\t\t\t\t<div class=\"elementor-widget-container\">\n\t\t\t<style>\/*! elementor - v3.11.5 - 14-03-2023 *\/\n.elementor-widget-divider{--divider-border-style:none;--divider-border-width:1px;--divider-color:#2c2c2c;--divider-icon-size:20px;--divider-element-spacing:10px;--divider-pattern-height:24px;--divider-pattern-size:20px;--divider-pattern-url:none;--divider-pattern-repeat:repeat-x}.elementor-widget-divider .elementor-divider{display:flex}.elementor-widget-divider .elementor-divider__text{font-size:15px;line-height:1;max-width:95%}.elementor-widget-divider .elementor-divider__element{margin:0 var(--divider-element-spacing);flex-shrink:0}.elementor-widget-divider .elementor-icon{font-size:var(--divider-icon-size)}.elementor-widget-divider .elementor-divider-separator{display:flex;margin:0;direction:ltr}.elementor-widget-divider--view-line_icon .elementor-divider-separator,.elementor-widget-divider--view-line_text .elementor-divider-separator{align-items:center}.elementor-widget-divider--view-line_icon .elementor-divider-separator:after,.elementor-widget-divider--view-line_icon .elementor-divider-separator:before,.elementor-widget-divider--view-line_text .elementor-divider-separator:after,.elementor-widget-divider--view-line_text .elementor-divider-separator:before{display:block;content:\"\";border-bottom:0;flex-grow:1;border-top:var(--divider-border-width) var(--divider-border-style) var(--divider-color)}.elementor-widget-divider--element-align-left .elementor-divider .elementor-divider-separator>.elementor-divider__svg:first-of-type{flex-grow:0;flex-shrink:100}.elementor-widget-divider--element-align-left .elementor-divider-separator:before{content:none}.elementor-widget-divider--element-align-left .elementor-divider__element{margin-left:0}.elementor-widget-divider--element-align-right .elementor-divider .elementor-divider-separator>.elementor-divider__svg:last-of-type{flex-grow:0;flex-shrink:100}.elementor-widget-divider--element-align-right .elementor-divider-separator:after{content:none}.elementor-widget-divider--element-align-right .elementor-divider__element{margin-right:0}.elementor-widget-divider:not(.elementor-widget-divider--view-line_text):not(.elementor-widget-divider--view-line_icon) .elementor-divider-separator{border-top:var(--divider-border-width) var(--divider-border-style) var(--divider-color)}.elementor-widget-divider--separator-type-pattern{--divider-border-style:none}.elementor-widget-divider--separator-type-pattern.elementor-widget-divider--view-line .elementor-divider-separator,.elementor-widget-divider--separator-type-pattern:not(.elementor-widget-divider--view-line) .elementor-divider-separator:after,.elementor-widget-divider--separator-type-pattern:not(.elementor-widget-divider--view-line) .elementor-divider-separator:before,.elementor-widget-divider--separator-type-pattern:not([class*=elementor-widget-divider--view]) .elementor-divider-separator{width:100%;min-height:var(--divider-pattern-height);-webkit-mask-size:var(--divider-pattern-size) 100%;mask-size:var(--divider-pattern-size) 100%;-webkit-mask-repeat:var(--divider-pattern-repeat);mask-repeat:var(--divider-pattern-repeat);background-color:var(--divider-color);-webkit-mask-image:var(--divider-pattern-url);mask-image:var(--divider-pattern-url)}.elementor-widget-divider--no-spacing{--divider-pattern-size:auto}.elementor-widget-divider--bg-round{--divider-pattern-repeat:round}.rtl .elementor-widget-divider .elementor-divider__text{direction:rtl}.e-con-inner>.elementor-widget-divider,.e-con>.elementor-widget-divider{width:var(--container-widget-width,100%);--flex-grow:var(--container-widget-flex-grow)}<\/style>\t\t<div class=\"elementor-divider\">\n\t\t\t<span class=\"elementor-divider-separator\">\n\t\t\t\t\t\t<\/span>\n\t\t<\/div>\n\t\t\t\t<\/div>\n\t\t\t\t<\/div>\n\t\t\t\t<div class=\"elementor-element elementor-element-25cf8ce elementor-widget elementor-widget-text-editor\" data-id=\"25cf8ce\" data-element_type=\"widget\" data-widget_type=\"text-editor.default\">\n\t\t\t\t<div class=\"elementor-widget-container\">\n\t\t\t<style>\/*! elementor - v3.11.5 - 14-03-2023 *\/\n.elementor-widget-text-editor.elementor-drop-cap-view-stacked .elementor-drop-cap{background-color:#818a91;color:#fff}.elementor-widget-text-editor.elementor-drop-cap-view-framed .elementor-drop-cap{color:#818a91;border:3px solid;background-color:transparent}.elementor-widget-text-editor:not(.elementor-drop-cap-view-default) .elementor-drop-cap{margin-top:8px}.elementor-widget-text-editor:not(.elementor-drop-cap-view-default) .elementor-drop-cap-letter{width:1em;height:1em}.elementor-widget-text-editor .elementor-drop-cap{float:left;text-align:center;line-height:1;font-size:50px}.elementor-widget-text-editor .elementor-drop-cap-letter{display:inline-block}<\/style>\t\t\t\t<p>Ofrecer el servicio de an\u00e1lisis cl\u00ednicos, imagenolog\u00eda y biolog\u00eda molecular; empleando en nuestros procesos tecnolog\u00eda de vanguardia; capacitaci\u00f3n y mejora continua; utilizando la filosof\u00eda Lean Manufacturing y el Sistema de Producci\u00f3n de Toyota.<\/p>\t\t\t\t\t\t<\/div>\n\t\t\t\t<\/div>\n\t\t\t\t\t<\/div>\n\t\t<\/div>\n\t\t\t\t\t\t\t<\/div>\n\t\t<\/section>\n\t\t\t\t<section class=\"elementor-section elementor-top-section elementor-element elementor-element-8xjw3m8 elementor-section-boxed elementor-section-height-default elementor-section-height-default\" data-id=\"8xjw3m8\" data-element_type=\"section\">\n\t\t\t\t\t\t<div class=\"elementor-container elementor-column-gap-default\">\n\t\t\t\t\t<div class=\"elementor-column elementor-col-50 elementor-top-column elementor-element elementor-element-2ebbf9c\" data-id=\"2ebbf9c\" data-element_type=\"column\">\n\t\t\t<div class=\"elementor-widget-wrap elementor-element-populated\">\n\t\t\t\t\t\t\t\t<div class=\"elementor-element elementor-element-fe195c7 elementor-widget elementor-widget-heading\" data-id=\"fe195c7\" data-element_type=\"widget\" data-widget_type=\"heading.default\">\n\t\t\t\t<div class=\"elementor-widget-container\">\n\t\t\t<h2 class=\"elementor-heading-title elementor-size-default\">Visi\u00f3n  <\/h2>\t\t<\/div>\n\t\t\t\t<\/div>\n\t\t\t\t<div class=\"elementor-element elementor-element-dc051dd elementor-widget-divider--view-line elementor-widget elementor-widget-divider\" data-id=\"dc051dd\" data-element_type=\"widget\" data-widget_type=\"divider.default\">\n\t\t\t\t<div class=\"elementor-widget-container\">\n\t\t\t\t\t<div class=\"elementor-divider\">\n\t\t\t<span class=\"elementor-divider-separator\">\n\t\t\t\t\t\t<\/span>\n\t\t<\/div>\n\t\t\t\t<\/div>\n\t\t\t\t<\/div>\n\t\t\t\t<div class=\"elementor-element elementor-element-e5f497e elementor-widget elementor-widget-text-editor\" data-id=\"e5f497e\" data-element_type=\"widget\" data-widget_type=\"text-editor.default\">\n\t\t\t\t<div class=\"elementor-widget-container\">\n\t\t\t\t\t\t\t<p>Ser reconocidos como la empresa de diagn\u00f3stico l\u00edder en el\u00a0 procesos\u00a0 de an\u00e1lisis cl\u00ednicos; biolog\u00eda molecular e imagenolog\u00eda en el Estado de Chihuahua; con la aportaci\u00f3n de la mas alta \u00a0calidad y tecnolog\u00eda innovadora, desarrollando unidad y compromiso con el area medica para lograr las mejoras en la salud, calidad de vida de las personas y en el ambiente laboral.<\/p>\t\t\t\t\t\t<\/div>\n\t\t\t\t<\/div>\n\t\t\t\t\t<\/div>\n\t\t<\/div>\n\t\t\t\t<div class=\"elementor-column elementor-col-50 elementor-top-column elementor-element elementor-element-e5fdae0\" data-id=\"e5fdae0\" data-element_type=\"column\">\n\t\t\t<div class=\"elementor-widget-wrap elementor-element-populated\">\n\t\t\t\t\t\t\t\t<div class=\"elementor-element elementor-element-96b5b53 elementor-widget elementor-widget-image\" data-id=\"96b5b53\" data-element_type=\"widget\" data-widget_type=\"image.default\">\n\t\t\t\t<div class=\"elementor-widget-container\">\n\t\t\t\t\t\t\t\t\t\t\t\t\t\t\t<img loading=\"lazy\" decoding=\"async\" width=\"2560\" height=\"1707\" src=\"https:\/\/serviciouno.net\/wp-content\/uploads\/2023\/03\/retrato-mujer-joven-sonriente-medico-trabajador-medico-salud-senalando-dedo-izquierda-mostrando-clinica-scaled.jpg\" class=\"attachment-full size-full wp-image-318\" alt=\"\" srcset=\"https:\/\/serviciouno.net\/wp-content\/uploads\/2023\/03\/retrato-mujer-joven-sonriente-medico-trabajador-medico-salud-senalando-dedo-izquierda-mostrando-clinica-scaled.jpg 2560w, https:\/\/serviciouno.net\/wp-content\/uploads\/2023\/03\/retrato-mujer-joven-sonriente-medico-trabajador-medico-salud-senalando-dedo-izquierda-mostrando-clinica-300x200.jpg 300w, https:\/\/serviciouno.net\/wp-content\/uploads\/2023\/03\/retrato-mujer-joven-sonriente-medico-trabajador-medico-salud-senalando-dedo-izquierda-mostrando-clinica-1024x683.jpg 1024w, https:\/\/serviciouno.net\/wp-content\/uploads\/2023\/03\/retrato-mujer-joven-sonriente-medico-trabajador-medico-salud-senalando-dedo-izquierda-mostrando-clinica-768x512.jpg 768w, https:\/\/serviciouno.net\/wp-content\/uploads\/2023\/03\/retrato-mujer-joven-sonriente-medico-trabajador-medico-salud-senalando-dedo-izquierda-mostrando-clinica-1536x1024.jpg 1536w, https:\/\/serviciouno.net\/wp-content\/uploads\/2023\/03\/retrato-mujer-joven-sonriente-medico-trabajador-medico-salud-senalando-dedo-izquierda-mostrando-clinica-2048x1365.jpg 2048w\" sizes=\"(max-width: 2560px) 100vw, 2560px\" \/>\t\t\t\t\t\t\t\t\t\t\t\t\t\t\t<\/div>\n\t\t\t\t<\/div>\n\t\t\t\t\t<\/div>\n\t\t<\/div>\n\t\t\t\t\t\t\t<\/div>\n\t\t<\/section>\n\t\t\t\t<section class=\"elementor-section elementor-top-section elementor-element elementor-element-dk2hvgp elementor-section-boxed elementor-section-height-default elementor-section-height-default\" data-id=\"dk2hvgp\" data-element_type=\"section\">\n\t\t\t\t\t\t<div class=\"elementor-container elementor-column-gap-default\">\n\t\t\t\t\t<div class=\"elementor-column elementor-col-50 elementor-top-column elementor-element elementor-element-2126f92\" data-id=\"2126f92\" data-element_type=\"column\">\n\t\t\t<div class=\"elementor-widget-wrap elementor-element-populated\">\n\t\t\t\t\t\t\t\t<div class=\"elementor-element elementor-element-43a347a elementor-widget elementor-widget-heading\" data-id=\"43a347a\" data-element_type=\"widget\" data-widget_type=\"heading.default\">\n\t\t\t\t<div class=\"elementor-widget-container\">\n\t\t\t<h4 class=\"elementor-heading-title elementor-size-default\">Pol\u00edtica de calidad <\/h4>\t\t<\/div>\n\t\t\t\t<\/div>\n\t\t\t\t<div class=\"elementor-element elementor-element-7818b1a elementor-widget-divider--view-line elementor-widget elementor-widget-divider\" data-id=\"7818b1a\" data-element_type=\"widget\" data-widget_type=\"divider.default\">\n\t\t\t\t<div class=\"elementor-widget-container\">\n\t\t\t\t\t<div class=\"elementor-divider\">\n\t\t\t<span class=\"elementor-divider-separator\">\n\t\t\t\t\t\t<\/span>\n\t\t<\/div>\n\t\t\t\t<\/div>\n\t\t\t\t<\/div>\n\t\t\t\t<div class=\"elementor-element elementor-element-d8f9f49 elementor-widget elementor-widget-text-editor\" data-id=\"d8f9f49\" data-element_type=\"widget\" data-widget_type=\"text-editor.default\">\n\t\t\t\t<div class=\"elementor-widget-container\">\n\t\t\t\t\t\t\t<ul>\n<li><strong>Certificados en el Sistema de Gesti\u00f3n de Calidad en ISO 9001:2015.<\/strong><\/li>\n<li><strong>Utilizar en nuestros procesos materiales, reactivos de la m\u00e1s alta calidad.<\/strong><\/li>\n<li><strong>Personal comprometido y eficiente en el desempe\u00f1o de procesos a trav\u00e9s de la experiencia, evaluaci\u00f3n y mejora continua.<\/strong><\/li>\n<li><strong>Agregar valor a la vida de las personas que constituyen el flujo de operaciones a trav\u00e9s de la calidad, amabilidad y compromiso en nuestro servicio.<\/strong><\/li>\n<\/ul>\t\t\t\t\t\t<\/div>\n\t\t\t\t<\/div>\n\t\t\t\t\t<\/div>\n\t\t<\/div>\n\t\t\t\t<div class=\"elementor-column elementor-col-50 elementor-top-column elementor-element elementor-element-e03a328\" data-id=\"e03a328\" data-element_type=\"column\">\n\t\t\t<div class=\"elementor-widget-wrap elementor-element-populated\">\n\t\t\t\t\t\t\t\t<div class=\"elementor-element elementor-element-903c186 elementor-widget elementor-widget-heading\" data-id=\"903c186\" data-element_type=\"widget\" data-widget_type=\"heading.default\">\n\t\t\t\t<div class=\"elementor-widget-container\">\n\t\t\t<h4 class=\"elementor-heading-title elementor-size-default\">Valores  <\/h4>\t\t<\/div>\n\t\t\t\t<\/div>\n\t\t\t\t<div class=\"elementor-element elementor-element-23d597c elementor-widget-divider--view-line elementor-widget elementor-widget-divider\" data-id=\"23d597c\" data-element_type=\"widget\" data-widget_type=\"divider.default\">\n\t\t\t\t<div class=\"elementor-widget-container\">\n\t\t\t\t\t<div class=\"elementor-divider\">\n\t\t\t<span class=\"elementor-divider-separator\">\n\t\t\t\t\t\t<\/span>\n\t\t<\/div>\n\t\t\t\t<\/div>\n\t\t\t\t<\/div>\n\t\t\t\t<div class=\"elementor-element elementor-element-6d1a71e elementor-widget elementor-widget-text-editor\" data-id=\"6d1a71e\" data-element_type=\"widget\" data-widget_type=\"text-editor.default\">\n\t\t\t\t<div class=\"elementor-widget-container\">\n\t\t\t\t\t\t\t<ul>\n<li><strong>RESPONSABILIDAD<\/strong><\/li>\n<li><strong>HONRADEZ<\/strong><\/li>\n<li><strong>COMUNICACI\u00d3N<\/strong><\/li>\n<li><strong>AMABILIDAD<\/strong><\/li>\n<li><strong>TRABAJO EN EQUIPO<\/strong><\/li>\n<li><strong>ORDEN HUMILDAD<\/strong><\/li>\n<\/ul>\n<p><!-- \/wp:list --><\/p>\n<p><!-- wp:columns --><\/p>\n<p>\u00a0<\/p>\n<div class=\"wp-block-columns\">\n<p><!-- wp:column --><\/p>\n<div class=\"wp-block-column\">\n<p><!-- wp:heading {\"level\":3} --><\/p>\n<h3>\u00a0<\/h3>\n<\/div>\n<\/div>\t\t\t\t\t\t<\/div>\n\t\t\t\t<\/div>\n\t\t\t\t\t<\/div>\n\t\t<\/div>\n\t\t\t\t\t\t\t<\/div>\n\t\t<\/section>\n\t\t\t\t\t\t\t<\/div>\n\t\t","protected":false},"excerpt":{"rendered":"<p>\u00bfQui\u00e9nes somos? Misi\u00f3n Ofrecer el servicio de an\u00e1lisis cl\u00ednicos, imagenolog\u00eda y biolog\u00eda molecular; empleando en nuestros procesos tecnolog\u00eda de vanguardia; capacitaci\u00f3n y mejora continua; utilizando la filosof\u00eda Lean Manufacturing y el Sistema de Producci\u00f3n de Toyota. Visi\u00f3n Ser reconocidos como la empresa de diagn\u00f3stico l\u00edder en el\u00a0 procesos\u00a0 de an\u00e1lisis cl\u00ednicos; biolog\u00eda molecular e imagenolog\u00eda &hellip;<\/p>\n<p class=\"read-more\"> <a class=\"\" href=\"https:\/\/serviciouno.net\/?page_id=37\"> <span class=\"screen-reader-text\">Quienes somos<\/span> Leer m\u00e1s &raquo;<\/a><\/p>\n","protected":false},"author":4,"featured_media":0,"parent":0,"menu_order":0,"comment_status":"closed","ping_status":"closed","template":"","meta":{"_uag_custom_page_level_css":"","site-sidebar-layout":"default","site-content-layout":"default","ast-global-header-display":"","ast-main-header-display":"","ast-hfb-above-header-display":"","ast-hfb-below-header-display":"","ast-hfb-mobile-header-display":"","site-post-title":"disabled","ast-breadcrumbs-content":"","ast-featured-img":"","footer-sml-layout":"","theme-transparent-header-meta":"","adv-header-id-meta":"","stick-header-meta":"","header-above-stick-meta":"","header-main-stick-meta":"","header-below-stick-meta":"","footnotes":""},"uagb_featured_image_src":{"full":false,"thumbnail":false,"medium":false,"medium_large":false,"large":false,"1536x1536":false,"2048x2048":false},"uagb_author_info":{"display_name":"adolfo Trsite","author_link":"https:\/\/serviciouno.net\/?author=4"},"uagb_comment_info":0,"uagb_excerpt":"\u00bfQui\u00e9nes somos? Misi\u00f3n Ofrecer el servicio de an\u00e1lisis cl\u00ednicos, imagenolog\u00eda y biolog\u00eda molecular; empleando en nuestros procesos tecnolog\u00eda de vanguardia; capacitaci\u00f3n y mejora continua; utilizando la filosof\u00eda Lean Manufacturing y el Sistema de Producci\u00f3n de Toyota. Visi\u00f3n Ser reconocidos como la empresa de diagn\u00f3stico l\u00edder en el\u00a0 procesos\u00a0 de an\u00e1lisis cl\u00ednicos; biolog\u00eda molecular e imagenolog\u00eda&hellip;","_links":{"self":[{"href":"https:\/\/serviciouno.net\/index.php?rest_route=\/wp\/v2\/pages\/37"}],"collection":[{"href":"https:\/\/serviciouno.net\/index.php?rest_route=\/wp\/v2\/pages"}],"about":[{"href":"https:\/\/serviciouno.net\/index.php?rest_route=\/wp\/v2\/types\/page"}],"author":[{"embeddable":true,"href":"https:\/\/serviciouno.net\/index.php?rest_route=\/wp\/v2\/users\/4"}],"replies":[{"embeddable":true,"href":"https:\/\/serviciouno.net\/index.php?rest_route=%2Fwp%2Fv2%2Fcomments&post=37"}],"version-history":[{"count":18,"href":"https:\/\/serviciouno.net\/index.php?rest_route=\/wp\/v2\/pages\/37\/revisions"}],"predecessor-version":[{"id":323,"href":"https:\/\/serviciouno.net\/index.php?rest_route=\/wp\/v2\/pages\/37\/revisions\/323"}],"wp:attachment":[{"href":"https:\/\/serviciouno.net\/index.php?rest_route=%2Fwp%2Fv2%2Fmedia&parent=37"}],"curies":[{"name":"wp","href":"https:\/\/api.w.org\/{rel}","templated":true}]}}