{"id":80,"date":"2023-03-21T19:48:05","date_gmt":"2023-03-21T19:48:05","guid":{"rendered":"https:\/\/serviciouno.net\/?page_id=80"},"modified":"2023-03-24T20:51:03","modified_gmt":"2023-03-24T20:51:03","slug":"sucursales","status":"publish","type":"page","link":"https:\/\/serviciouno.net\/?page_id=80","title":{"rendered":"Sucursales"},"content":{"rendered":"\t\t<div data-elementor-type=\"wp-page\" data-elementor-id=\"80\" class=\"elementor elementor-80\">\n\t\t\t\t\t\t\t\t\t<section class=\"elementor-section elementor-top-section elementor-element elementor-element-5ffd1adc elementor-section-boxed elementor-section-height-default elementor-section-height-default\" data-id=\"5ffd1adc\" data-element_type=\"section\" data-settings=\"{&quot;background_background&quot;:&quot;classic&quot;}\">\n\t\t\t\t\t\t\t<div class=\"elementor-background-overlay\"><\/div>\n\t\t\t\t\t\t\t<div class=\"elementor-container elementor-column-gap-default\">\n\t\t\t\t\t<div class=\"elementor-column elementor-col-100 elementor-top-column elementor-element elementor-element-52a255f1\" data-id=\"52a255f1\" data-element_type=\"column\">\n\t\t\t<div class=\"elementor-widget-wrap elementor-element-populated\">\n\t\t\t\t\t\t\t\t<div class=\"elementor-element elementor-element-db5635d elementor-widget__width-initial elementor-widget elementor-widget-heading\" data-id=\"db5635d\" data-element_type=\"widget\" data-widget_type=\"heading.default\">\n\t\t\t\t<div class=\"elementor-widget-container\">\n\t\t\t<style>\/*! elementor - v3.11.5 - 14-03-2023 *\/\n.elementor-heading-title{padding:0;margin:0;line-height:1}.elementor-widget-heading .elementor-heading-title[class*=elementor-size-]>a{color:inherit;font-size:inherit;line-height:inherit}.elementor-widget-heading .elementor-heading-title.elementor-size-small{font-size:15px}.elementor-widget-heading .elementor-heading-title.elementor-size-medium{font-size:19px}.elementor-widget-heading .elementor-heading-title.elementor-size-large{font-size:29px}.elementor-widget-heading .elementor-heading-title.elementor-size-xl{font-size:39px}.elementor-widget-heading .elementor-heading-title.elementor-size-xxl{font-size:59px}<\/style><h2 class=\"elementor-heading-title elementor-size-xxl\">Sucursales<\/h2>\t\t<\/div>\n\t\t\t\t<\/div>\n\t\t\t\t<div class=\"elementor-element elementor-element-f6d7d92 elementor-widget elementor-widget-heading\" data-id=\"f6d7d92\" data-element_type=\"widget\" data-widget_type=\"heading.default\">\n\t\t\t\t<div class=\"elementor-widget-container\">\n\t\t\t<h2 class=\"elementor-heading-title elementor-size-default\">CL\u00cdNICA PANAMERICANA\n<\/h2>\t\t<\/div>\n\t\t\t\t<\/div>\n\t\t\t\t<div class=\"elementor-element elementor-element-fc014b6 elementor-widget elementor-widget-image\" data-id=\"fc014b6\" data-element_type=\"widget\" data-widget_type=\"image.default\">\n\t\t\t\t<div class=\"elementor-widget-container\">\n\t\t\t<style>\/*! elementor - v3.11.5 - 14-03-2023 *\/\n.elementor-widget-image{text-align:center}.elementor-widget-image a{display:inline-block}.elementor-widget-image a img[src$=\".svg\"]{width:48px}.elementor-widget-image img{vertical-align:middle;display:inline-block}<\/style>\t\t\t\t\t\t\t\t\t\t\t\t<img loading=\"lazy\" decoding=\"async\" width=\"1024\" height=\"681\" src=\"https:\/\/serviciouno.net\/wp-content\/uploads\/2023\/03\/panamericana-1024x681.jpg\" class=\"attachment-large size-large wp-image-244\" alt=\"\" srcset=\"https:\/\/serviciouno.net\/wp-content\/uploads\/2023\/03\/panamericana-1024x681.jpg 1024w, https:\/\/serviciouno.net\/wp-content\/uploads\/2023\/03\/panamericana-300x199.jpg 300w, https:\/\/serviciouno.net\/wp-content\/uploads\/2023\/03\/panamericana-768x511.jpg 768w, https:\/\/serviciouno.net\/wp-content\/uploads\/2023\/03\/panamericana.jpg 1280w\" sizes=\"(max-width: 1024px) 100vw, 1024px\" \/>\t\t\t\t\t\t\t\t\t\t\t\t\t\t\t<\/div>\n\t\t\t\t<\/div>\n\t\t\t\t<div class=\"elementor-element elementor-element-7b0a722 elementor-widget elementor-widget-text-editor\" data-id=\"7b0a722\" data-element_type=\"widget\" data-widget_type=\"text-editor.default\">\n\t\t\t\t<div class=\"elementor-widget-container\">\n\t\t\t<style>\/*! elementor - v3.11.5 - 14-03-2023 *\/\n.elementor-widget-text-editor.elementor-drop-cap-view-stacked .elementor-drop-cap{background-color:#818a91;color:#fff}.elementor-widget-text-editor.elementor-drop-cap-view-framed .elementor-drop-cap{color:#818a91;border:3px solid;background-color:transparent}.elementor-widget-text-editor:not(.elementor-drop-cap-view-default) .elementor-drop-cap{margin-top:8px}.elementor-widget-text-editor:not(.elementor-drop-cap-view-default) .elementor-drop-cap-letter{width:1em;height:1em}.elementor-widget-text-editor .elementor-drop-cap{float:left;text-align:center;line-height:1;font-size:50px}.elementor-widget-text-editor .elementor-drop-cap-letter{display:inline-block}<\/style>\t\t\t\t<p><strong>Abierto las 24 horas los 365 d\u00edas del a\u00f1o.<\/strong><\/p><p><strong>Antonio de Montes No. 6906 Tel. \u200e614 441 4688, Chihuahua, Chih.<\/strong><\/p>\t\t\t\t\t\t<\/div>\n\t\t\t\t<\/div>\n\t\t\t\t<div class=\"elementor-element elementor-element-383b2d4 elementor-widget elementor-widget-google_maps\" data-id=\"383b2d4\" data-element_type=\"widget\" data-widget_type=\"google_maps.default\">\n\t\t\t\t<div class=\"elementor-widget-container\">\n\t\t\t<style>\/*! elementor - v3.11.5 - 14-03-2023 *\/\n.elementor-widget-google_maps .elementor-widget-container{overflow:hidden}.elementor-widget-google_maps .elementor-custom-embed{line-height:0}.elementor-widget-google_maps iframe{height:300px}<\/style>\t\t<div class=\"elementor-custom-embed\">\n\t\t\t<iframe loading=\"lazy\"\n\t\t\t\t\tsrc=\"https:\/\/maps.google.com\/maps?q=Avenida%20Antonio%20de%20Montes%20y%20Rep%C3%BAblica%20de%20Cuba%2C%2031210%20Chihuahua%2C%20Chih.&#038;t=m&#038;z=10&#038;output=embed&#038;iwloc=near\"\n\t\t\t\t\ttitle=\"Avenida Antonio de Montes y Rep\u00fablica de Cuba, 31210 Chihuahua, Chih.\"\n\t\t\t\t\taria-label=\"Avenida Antonio de Montes y Rep\u00fablica de Cuba, 31210 Chihuahua, Chih.\"\n\t\t\t><\/iframe>\n\t\t<\/div>\n\t\t\t\t<\/div>\n\t\t\t\t<\/div>\n\t\t\t\t<div class=\"elementor-element elementor-element-2b8480e elementor-widget elementor-widget-heading\" data-id=\"2b8480e\" data-element_type=\"widget\" data-widget_type=\"heading.default\">\n\t\t\t\t<div class=\"elementor-widget-container\">\n\t\t\t<h2 class=\"elementor-heading-title elementor-size-default\">IMATEK TECNOL\u00d3GICO\n<\/h2>\t\t<\/div>\n\t\t\t\t<\/div>\n\t\t\t\t<div class=\"elementor-element elementor-element-b38148b elementor-widget elementor-widget-image\" data-id=\"b38148b\" data-element_type=\"widget\" data-widget_type=\"image.default\">\n\t\t\t\t<div class=\"elementor-widget-container\">\n\t\t\t\t\t\t\t\t\t\t\t\t\t\t\t<img loading=\"lazy\" decoding=\"async\" width=\"490\" height=\"316\" src=\"https:\/\/serviciouno.net\/wp-content\/uploads\/2023\/03\/Captura-de-pantalla-2023-03-24-125418.png\" class=\"attachment-large size-large wp-image-245\" alt=\"\" srcset=\"https:\/\/serviciouno.net\/wp-content\/uploads\/2023\/03\/Captura-de-pantalla-2023-03-24-125418.png 490w, https:\/\/serviciouno.net\/wp-content\/uploads\/2023\/03\/Captura-de-pantalla-2023-03-24-125418-300x193.png 300w\" sizes=\"(max-width: 490px) 100vw, 490px\" \/>\t\t\t\t\t\t\t\t\t\t\t\t\t\t\t<\/div>\n\t\t\t\t<\/div>\n\t\t\t\t<div class=\"elementor-element elementor-element-7f7f0f6 elementor-widget elementor-widget-text-editor\" data-id=\"7f7f0f6\" data-element_type=\"widget\" data-widget_type=\"text-editor.default\">\n\t\t\t\t<div class=\"elementor-widget-container\">\n\t\t\t\t\t\t\t<p><strong>Horario L-V 7:00 am \u2013 7:00 pm y S\u00e1bados de 7:00 am \u2013 2:00 pm<\/strong><\/p><p><strong>Av. Tecnol\u00f3gico No. 6500, Col. El Parral 16, Tel. \u200e614 259 1398, contacto@clinicaimatek.com, Chihuahua, Chih.<\/strong><\/p>\t\t\t\t\t\t<\/div>\n\t\t\t\t<\/div>\n\t\t\t\t<div class=\"elementor-element elementor-element-1dd5d27 elementor-widget elementor-widget-google_maps\" data-id=\"1dd5d27\" data-element_type=\"widget\" data-widget_type=\"google_maps.default\">\n\t\t\t\t<div class=\"elementor-widget-container\">\n\t\t\t\t\t<div class=\"elementor-custom-embed\">\n\t\t\t<iframe loading=\"lazy\"\n\t\t\t\t\tsrc=\"https:\/\/maps.google.com\/maps?q=Av.%20Tecnologico%206500%2C%20Parral%2C%2031104%20Chihuahua%2C%20Chih.&#038;t=m&#038;z=10&#038;output=embed&#038;iwloc=near\"\n\t\t\t\t\ttitle=\"Av. Tecnologico 6500, Parral, 31104 Chihuahua, Chih.\"\n\t\t\t\t\taria-label=\"Av. Tecnologico 6500, Parral, 31104 Chihuahua, Chih.\"\n\t\t\t><\/iframe>\n\t\t<\/div>\n\t\t\t\t<\/div>\n\t\t\t\t<\/div>\n\t\t\t\t<div class=\"elementor-element elementor-element-fb14578 elementor-widget elementor-widget-heading\" data-id=\"fb14578\" data-element_type=\"widget\" data-widget_type=\"heading.default\">\n\t\t\t\t<div class=\"elementor-widget-container\">\n\t\t\t<h2 class=\"elementor-heading-title elementor-size-default\">U. M\u00c9DICA SEVILLA<\/h2>\t\t<\/div>\n\t\t\t\t<\/div>\n\t\t\t\t<div class=\"elementor-element elementor-element-ae4c911 elementor-widget elementor-widget-image\" data-id=\"ae4c911\" data-element_type=\"widget\" data-widget_type=\"image.default\">\n\t\t\t\t<div class=\"elementor-widget-container\">\n\t\t\t\t\t\t\t\t\t\t\t\t\t\t\t<img loading=\"lazy\" decoding=\"async\" width=\"1024\" height=\"768\" src=\"https:\/\/serviciouno.net\/wp-content\/uploads\/2023\/03\/300778687_424977023062361_2257228679782248775_n-1024x768.jpg\" class=\"attachment-large size-large wp-image-324\" alt=\"\" srcset=\"https:\/\/serviciouno.net\/wp-content\/uploads\/2023\/03\/300778687_424977023062361_2257228679782248775_n-1024x768.jpg 1024w, https:\/\/serviciouno.net\/wp-content\/uploads\/2023\/03\/300778687_424977023062361_2257228679782248775_n-300x225.jpg 300w, https:\/\/serviciouno.net\/wp-content\/uploads\/2023\/03\/300778687_424977023062361_2257228679782248775_n-768x576.jpg 768w, https:\/\/serviciouno.net\/wp-content\/uploads\/2023\/03\/300778687_424977023062361_2257228679782248775_n-1536x1152.jpg 1536w, https:\/\/serviciouno.net\/wp-content\/uploads\/2023\/03\/300778687_424977023062361_2257228679782248775_n.jpg 2048w\" sizes=\"(max-width: 1024px) 100vw, 1024px\" \/>\t\t\t\t\t\t\t\t\t\t\t\t\t\t\t<\/div>\n\t\t\t\t<\/div>\n\t\t\t\t<div class=\"elementor-element elementor-element-3235c16 elementor-widget elementor-widget-text-editor\" data-id=\"3235c16\" data-element_type=\"widget\" data-widget_type=\"text-editor.default\">\n\t\t\t\t<div class=\"elementor-widget-container\">\n\t\t\t\t\t\t\t<p><strong>Horario\u00a0L-V 7:00 am \u2013 7:00 pm y S\u00e1bados de 7:00 am \u2013 2:00 pm<\/strong><\/p><p><strong>Rodr\u00edquez Gallardo No. 1700, Esq. con Blass Cano de los R\u00edos.\u00a0<\/strong><strong>Tel. (614) 414-51-23. Chihuahua, Chih<\/strong><\/p>\t\t\t\t\t\t<\/div>\n\t\t\t\t<\/div>\n\t\t\t\t<div class=\"elementor-element elementor-element-0918bd9 elementor-widget elementor-widget-google_maps\" data-id=\"0918bd9\" data-element_type=\"widget\" data-widget_type=\"google_maps.default\">\n\t\t\t\t<div class=\"elementor-widget-container\">\n\t\t\t\t\t<div class=\"elementor-custom-embed\">\n\t\t\t<iframe loading=\"lazy\"\n\t\t\t\t\tsrc=\"https:\/\/maps.google.com\/maps?q=Av.%20Antonio%20de%20Deza%20Y%20Ulloa%201700%2C%20San%20Felipe%20I%20Etapa%2C%2031203%20Chihuahua%2C%20Chih.&#038;t=m&#038;z=10&#038;output=embed&#038;iwloc=near\"\n\t\t\t\t\ttitle=\"Av. Antonio de Deza Y Ulloa 1700, San Felipe I Etapa, 31203 Chihuahua, Chih.\"\n\t\t\t\t\taria-label=\"Av. Antonio de Deza Y Ulloa 1700, San Felipe I Etapa, 31203 Chihuahua, Chih.\"\n\t\t\t><\/iframe>\n\t\t<\/div>\n\t\t\t\t<\/div>\n\t\t\t\t<\/div>\n\t\t\t\t<div class=\"elementor-element elementor-element-4cf47ba elementor-widget elementor-widget-heading\" data-id=\"4cf47ba\" data-element_type=\"widget\" data-widget_type=\"heading.default\">\n\t\t\t\t<div class=\"elementor-widget-container\">\n\t\t\t<h2 class=\"elementor-heading-title elementor-size-default\">IMATEK SUC. JUVENTUD\n<\/h2>\t\t<\/div>\n\t\t\t\t<\/div>\n\t\t\t\t<div class=\"elementor-element elementor-element-6787d29 elementor-widget elementor-widget-image\" data-id=\"6787d29\" data-element_type=\"widget\" data-widget_type=\"image.default\">\n\t\t\t\t<div class=\"elementor-widget-container\">\n\t\t\t\t\t\t\t\t\t\t\t\t\t\t\t<img loading=\"lazy\" decoding=\"async\" width=\"680\" height=\"423\" src=\"https:\/\/serviciouno.net\/wp-content\/uploads\/2023\/03\/2023-03-06.jpg\" class=\"attachment-large size-large wp-image-347\" alt=\"\" srcset=\"https:\/\/serviciouno.net\/wp-content\/uploads\/2023\/03\/2023-03-06.jpg 680w, https:\/\/serviciouno.net\/wp-content\/uploads\/2023\/03\/2023-03-06-300x187.jpg 300w\" sizes=\"(max-width: 680px) 100vw, 680px\" \/>\t\t\t\t\t\t\t\t\t\t\t\t\t\t\t<\/div>\n\t\t\t\t<\/div>\n\t\t\t\t<div class=\"elementor-element elementor-element-71a4b4f elementor-widget elementor-widget-text-editor\" data-id=\"71a4b4f\" data-element_type=\"widget\" data-widget_type=\"text-editor.default\">\n\t\t\t\t<div class=\"elementor-widget-container\">\n\t\t\t\t\t\t\t<p><strong>Horario L-S 7:00 am \u2013 7:00 pm y Domingos de 7:00 am \u2013 3:00 pm<\/strong><\/p><p><strong>\u2022 PLAZA TOLEDO<\/strong><br \/><strong>Bah\u00eda de Huatulco No. 8515, Col. Bah\u00edas, Plaza Toledo, Chihuahua, Chi. C.P. 31123 TEL: 614 443 22 74 Y 614 688 28 88<\/strong><\/p><p><strong>\u2022Pacientes Pemex<\/strong><br \/><strong>614 440 2487 y 614 532 4396<\/strong><\/p><p><strong>\u2022Biolog\u00eda Molecular<\/strong><br \/><strong>614 440 24 67 y Cel: 614 289 85 71<\/strong><\/p>\t\t\t\t\t\t<\/div>\n\t\t\t\t<\/div>\n\t\t\t\t<div class=\"elementor-element elementor-element-29e8681 elementor-widget elementor-widget-google_maps\" data-id=\"29e8681\" data-element_type=\"widget\" data-widget_type=\"google_maps.default\">\n\t\t\t\t<div class=\"elementor-widget-container\">\n\t\t\t\t\t<div class=\"elementor-custom-embed\">\n\t\t\t<iframe loading=\"lazy\"\n\t\t\t\t\tsrc=\"https:\/\/maps.google.com\/maps?q=%20Bah%C3%ADa%20de%20Huatulco%208315%2C%20Bah%C3%ADas%2C%20Plaza%20Toledo%2C%2031123%20Chihuahua%2C%20Chih.&#038;t=m&#038;z=10&#038;output=embed&#038;iwloc=near\"\n\t\t\t\t\ttitle=\" Bah\u00eda de Huatulco 8315, Bah\u00edas, Plaza Toledo, 31123 Chihuahua, Chih.\"\n\t\t\t\t\taria-label=\" Bah\u00eda de Huatulco 8315, Bah\u00edas, Plaza Toledo, 31123 Chihuahua, Chih.\"\n\t\t\t><\/iframe>\n\t\t<\/div>\n\t\t\t\t<\/div>\n\t\t\t\t<\/div>\n\t\t\t\t<div class=\"elementor-element elementor-element-a208d91 elementor-widget elementor-widget-heading\" data-id=\"a208d91\" data-element_type=\"widget\" data-widget_type=\"heading.default\">\n\t\t\t\t<div class=\"elementor-widget-container\">\n\t\t\t<h2 class=\"elementor-heading-title elementor-size-default\">SUCURSAL DOSTOYEVSKY<\/h2>\t\t<\/div>\n\t\t\t\t<\/div>\n\t\t\t\t<div class=\"elementor-element elementor-element-8117b2b elementor-widget elementor-widget-image\" data-id=\"8117b2b\" data-element_type=\"widget\" data-widget_type=\"image.default\">\n\t\t\t\t<div class=\"elementor-widget-container\">\n\t\t\t\t\t\t\t\t\t\t\t\t\t\t\t<img loading=\"lazy\" decoding=\"async\" width=\"599\" height=\"510\" src=\"https:\/\/serviciouno.net\/wp-content\/uploads\/2023\/03\/IMATEK-DOVSTOYEVSKY.jpg\" class=\"attachment-large size-large wp-image-332\" alt=\"\" srcset=\"https:\/\/serviciouno.net\/wp-content\/uploads\/2023\/03\/IMATEK-DOVSTOYEVSKY.jpg 599w, https:\/\/serviciouno.net\/wp-content\/uploads\/2023\/03\/IMATEK-DOVSTOYEVSKY-300x255.jpg 300w\" sizes=\"(max-width: 599px) 100vw, 599px\" \/>\t\t\t\t\t\t\t\t\t\t\t\t\t\t\t<\/div>\n\t\t\t\t<\/div>\n\t\t\t\t<div class=\"elementor-element elementor-element-5f71e36 elementor-widget elementor-widget-text-editor\" data-id=\"5f71e36\" data-element_type=\"widget\" data-widget_type=\"text-editor.default\">\n\t\t\t\t<div class=\"elementor-widget-container\">\n\t\t\t\t\t\t\t<p><strong>Horario L-V 7:00 am \u2013 7:00 pm y S\u00e1bados de 7:00 am \u2013 2:00 pm<\/strong><\/p><p><strong>Ave. Dostoyevzki No. 1308 Dentro de Cl\u00ednica del Norte, Tel: 614 531 3080,\u00a0Chihuahua, Chih.<\/strong><\/p>\t\t\t\t\t\t<\/div>\n\t\t\t\t<\/div>\n\t\t\t\t<div class=\"elementor-element elementor-element-4f3dd3b elementor-widget elementor-widget-google_maps\" data-id=\"4f3dd3b\" data-element_type=\"widget\" data-widget_type=\"google_maps.default\">\n\t\t\t\t<div class=\"elementor-widget-container\">\n\t\t\t\t\t<div class=\"elementor-custom-embed\">\n\t\t\t<iframe loading=\"lazy\"\n\t\t\t\t\tsrc=\"https:\/\/maps.google.com\/maps?q=%20Ave.%20Dostoyevzki%20No.%201308%2C%20Alamedas%20IV%20Etapa%2C%20Chihuahua%202000%2C%2031130%20Chihuahua%2C%20Chih.&#038;t=m&#038;z=10&#038;output=embed&#038;iwloc=near\"\n\t\t\t\t\ttitle=\" Ave. Dostoyevzki No. 1308, Alamedas IV Etapa, Chihuahua 2000, 31130 Chihuahua, Chih.\"\n\t\t\t\t\taria-label=\" Ave. Dostoyevzki No. 1308, Alamedas IV Etapa, Chihuahua 2000, 31130 Chihuahua, Chih.\"\n\t\t\t><\/iframe>\n\t\t<\/div>\n\t\t\t\t<\/div>\n\t\t\t\t<\/div>\n\t\t\t\t<div class=\"elementor-element elementor-element-1b0e7ad elementor-widget elementor-widget-heading\" data-id=\"1b0e7ad\" data-element_type=\"widget\" data-widget_type=\"heading.default\">\n\t\t\t\t<div class=\"elementor-widget-container\">\n\t\t\t<h2 class=\"elementor-heading-title elementor-size-default\">SUCURSAL THE BIG PHARMA\n<\/h2>\t\t<\/div>\n\t\t\t\t<\/div>\n\t\t\t\t<div class=\"elementor-element elementor-element-3203e67 elementor-widget elementor-widget-image\" data-id=\"3203e67\" data-element_type=\"widget\" data-widget_type=\"image.default\">\n\t\t\t\t<div class=\"elementor-widget-container\">\n\t\t\t\t\t\t\t\t\t\t\t\t\t\t\t<img loading=\"lazy\" decoding=\"async\" width=\"680\" height=\"341\" src=\"https:\/\/serviciouno.net\/wp-content\/uploads\/2023\/03\/imatek-panamericana.jpg\" class=\"attachment-large size-large wp-image-338\" alt=\"\" srcset=\"https:\/\/serviciouno.net\/wp-content\/uploads\/2023\/03\/imatek-panamericana.jpg 680w, https:\/\/serviciouno.net\/wp-content\/uploads\/2023\/03\/imatek-panamericana-300x150.jpg 300w\" sizes=\"(max-width: 680px) 100vw, 680px\" \/>\t\t\t\t\t\t\t\t\t\t\t\t\t\t\t<\/div>\n\t\t\t\t<\/div>\n\t\t\t\t<div class=\"elementor-element elementor-element-b6da529 elementor-widget elementor-widget-text-editor\" data-id=\"b6da529\" data-element_type=\"widget\" data-widget_type=\"text-editor.default\">\n\t\t\t\t<div class=\"elementor-widget-container\">\n\t\t\t\t\t\t\t<p><strong>Horario L-S 7:00 am \u2013 11:00 am<\/strong><\/p><p><strong>Calle 20 de Noviembre No. 306. Laboratorio: 614 532 4061, Consultas: 614 658 6268. Chihuahua, Chih<\/strong><\/p>\t\t\t\t\t\t<\/div>\n\t\t\t\t<\/div>\n\t\t\t\t<div class=\"elementor-element elementor-element-a2aca04 elementor-widget elementor-widget-google_maps\" data-id=\"a2aca04\" data-element_type=\"widget\" data-widget_type=\"google_maps.default\">\n\t\t\t\t<div class=\"elementor-widget-container\">\n\t\t\t\t\t<div class=\"elementor-custom-embed\">\n\t\t\t<iframe loading=\"lazy\"\n\t\t\t\t\tsrc=\"https:\/\/maps.google.com\/maps?q=Calle%2020%20de%20Noviembre%20No.%20306.%20&#038;t=m&#038;z=10&#038;output=embed&#038;iwloc=near\"\n\t\t\t\t\ttitle=\"Calle 20 de Noviembre No. 306. \"\n\t\t\t\t\taria-label=\"Calle 20 de Noviembre No. 306. \"\n\t\t\t><\/iframe>\n\t\t<\/div>\n\t\t\t\t<\/div>\n\t\t\t\t<\/div>\n\t\t\t\t\t<\/div>\n\t\t<\/div>\n\t\t\t\t\t\t\t<\/div>\n\t\t<\/section>\n\t\t\t\t\t\t\t<\/div>\n\t\t","protected":false},"excerpt":{"rendered":"<p>Sucursales CL\u00cdNICA PANAMERICANA Abierto las 24 horas los 365 d\u00edas del a\u00f1o. Antonio de Montes No. 6906 Tel. \u200e614 441 4688, Chihuahua, Chih. IMATEK TECNOL\u00d3GICO Horario L-V 7:00 am \u2013 7:00 pm y S\u00e1bados de 7:00 am \u2013 2:00 pm Av. Tecnol\u00f3gico No. 6500, Col. El Parral 16, Tel. \u200e614 259 1398, contacto@clinicaimatek.com, Chihuahua, Chih. &hellip;<\/p>\n<p class=\"read-more\"> <a class=\"\" href=\"https:\/\/serviciouno.net\/?page_id=80\"> <span class=\"screen-reader-text\">Sucursales<\/span> Leer m\u00e1s &raquo;<\/a><\/p>\n","protected":false},"author":2,"featured_media":0,"parent":0,"menu_order":0,"comment_status":"closed","ping_status":"closed","template":"","meta":{"_uag_custom_page_level_css":"","site-sidebar-layout":"no-sidebar","site-content-layout":"page-builder","ast-global-header-display":"","ast-main-header-display":"","ast-hfb-above-header-display":"","ast-hfb-below-header-display":"","ast-hfb-mobile-header-display":"","site-post-title":"disabled","ast-breadcrumbs-content":"","ast-featured-img":"disabled","footer-sml-layout":"","theme-transparent-header-meta":"","adv-header-id-meta":"","stick-header-meta":"","header-above-stick-meta":"","header-main-stick-meta":"","header-below-stick-meta":"","footnotes":""},"uagb_featured_image_src":{"full":false,"thumbnail":false,"medium":false,"medium_large":false,"large":false,"1536x1536":false,"2048x2048":false},"uagb_author_info":{"display_name":"carlos.ibarra@serviciouno.net","author_link":"https:\/\/serviciouno.net\/?author=2"},"uagb_comment_info":0,"uagb_excerpt":"Sucursales CL\u00cdNICA PANAMERICANA Abierto las 24 horas los 365 d\u00edas del a\u00f1o. Antonio de Montes No. 6906 Tel. \u200e614 441 4688, Chihuahua, Chih. IMATEK TECNOL\u00d3GICO Horario L-V 7:00 am \u2013 7:00 pm y S\u00e1bados de 7:00 am \u2013 2:00 pm Av. Tecnol\u00f3gico No. 6500, Col. El Parral 16, Tel. \u200e614 259 1398, contacto@clinicaimatek.com, Chihuahua, Chih.&hellip;","_links":{"self":[{"href":"https:\/\/serviciouno.net\/index.php?rest_route=\/wp\/v2\/pages\/80"}],"collection":[{"href":"https:\/\/serviciouno.net\/index.php?rest_route=\/wp\/v2\/pages"}],"about":[{"href":"https:\/\/serviciouno.net\/index.php?rest_route=\/wp\/v2\/types\/page"}],"author":[{"embeddable":true,"href":"https:\/\/serviciouno.net\/index.php?rest_route=\/wp\/v2\/users\/2"}],"replies":[{"embeddable":true,"href":"https:\/\/serviciouno.net\/index.php?rest_route=%2Fwp%2Fv2%2Fcomments&post=80"}],"version-history":[{"count":7,"href":"https:\/\/serviciouno.net\/index.php?rest_route=\/wp\/v2\/pages\/80\/revisions"}],"predecessor-version":[{"id":368,"href":"https:\/\/serviciouno.net\/index.php?rest_route=\/wp\/v2\/pages\/80\/revisions\/368"}],"wp:attachment":[{"href":"https:\/\/serviciouno.net\/index.php?rest_route=%2Fwp%2Fv2%2Fmedia&parent=80"}],"curies":[{"name":"wp","href":"https:\/\/api.w.org\/{rel}","templated":true}]}}